{"id":1304,"date":"2018-10-25T15:36:41","date_gmt":"2018-10-25T14:36:41","guid":{"rendered":"http:\/\/streetchallenge.eu\/?page_id=1304"},"modified":"2018-10-25T15:41:08","modified_gmt":"2018-10-25T14:41:08","slug":"about","status":"publish","type":"page","link":"https:\/\/streetchallenge.eu\/","title":{"rendered":"What is the European Street Design Challenge (ESDC)?"},"content":{"rendered":"<p>In the European Street Design Challenge, international teams of top young designers, in close cooperation with local residents and policy makers, compete to create innovative, \u201csmart\u201d urban community solutions and applications through the use of open and collaborative methodologies, together with digital tools and prototyping.<\/p>\n<p><strong>Impact of the Challenge<\/strong><br \/>\nThe Challenge targets a strong impact for participating cities, governmental organisations, schools, designers, architects, and resident communities:<\/p>\n<ul>\n<li>The revitalisation and regeneration of the urban neighbourhood and community, focusing on collaborative creativity, social empowerment and cohesion, and authenticity<\/li>\n<li>An innovative form of inclusive cross-cultural learning and creativity<\/li>\n<li>The leveraging of community heritage and identity<\/li>\n<li>Greater awareness and use of digital technologies, tools, prototyping and open, collaborative methodologies in the design of innovative, sustainable and desirable urban design solutions<\/li>\n<li>Growth of \u201corganic\u201d understanding and collaboration between designers, resident communities and policy makers; the designer as a creative agent and mediator<\/li>\n<li>Greater exchange and understanding within cultural diversity: shared and complementary creative perspectives on a global scale<\/li>\n<\/ul>\n<p><strong>Across cultural, social and professional layers:<\/strong><\/p>\n<ul>\n<li>The international teams apply their own \u201ccultural\u201d perspective and experience to the local urban design issues<\/li>\n<li>Collaboration with local residents and policy makers gives the challenge local \u201croots\u201d to ensure relevance, ownership and a shared vision of a desirable, feasible, and sustainable future urban community, landscape and experience.<\/li>\n<\/ul>\n<p><strong>The Challenge so Far\u2026<\/strong><br \/>\nThe Challenge, devised and run by Creative Cooperative, \u201ckicked off\u201d in Amsterdam in September 2010, and is already in its fifth year. In all Challenges to date, the international designers have produced highly innovative, practical yet poetic \u201csmart\u201d urban designs, which have demonstrated diverse cultural perspectives together with acute awareness of the need to create socially inclusive urban solutions with shared identity and ownership. International participation has been growing steadily, with teams from the UK, Netherlands, France, Austria, Italy, Finland, China, Russia and India to date.<\/p>\n<p><strong>ESDC WINNERS 2016<\/strong><br \/>\n<strong>Humanising a radically expanding suburban landscape, Montreuil<\/strong><\/p>\n<p>Of all the districts within Seine-Saint-Denis in the eastern suburbs of Paris, which we have visited with the ESDC to date, the commune of Montreuil displays the greatest degree of \u201cmixit\u00e9\u201d \u2013 a mixture of old French residential and industrial architecture, new apartment blocks, private and social housing, large parks and green areas, commercial and rural (agriculture, horticulture) development. The commune comprises several districts, each of which has its own identity. There is a marked difference between Bas (Lower) Montreuil and Haut (Higher) Montreuil. Bas Montreuil borders with the 20th arrondissement of Paris \u2013 therefore an attractive, slightly cheaper alternative to living in the city itself \u2013 and hosts several large-scale corporations and national organisations (UbiSoft, international banks, CGT, the trade union organisation). There is much attractive renovated housing in the area, and old factories, which have been renovated by modern enterprises. Nevertheless, the area still contains many old areas, in need of renovation, particularly to the north of the \u201crue de Paris\u201d.<\/p>\n<p>The winners of the 2016\u00a0Troph\u00e9e du Conseil G\u00e9n\u00e9ral de Seine-Seine-Denis were\u00a0Colab \/ AUT, New Zealand. <a href=\"http:\/\/streetchallenge.eu\/?page_id=853\">Read more&#8230;<\/a><\/p>\n<p><img loading=\"lazy\" decoding=\"async\" class=\"alignnone wp-image-1050 size-full\" src=\"http:\/\/streetchallenge.eu\/wp-content\/uploads\/2017\/05\/IMG_20160610_174149.jpg\" alt=\"\" width=\"878\" height=\"658\" srcset=\"https:\/\/streetchallenge.eu\/wp-content\/uploads\/2017\/05\/IMG_20160610_174149.jpg 878w, https:\/\/streetchallenge.eu\/wp-content\/uploads\/2017\/05\/IMG_20160610_174149-300x225.jpg 300w, https:\/\/streetchallenge.eu\/wp-content\/uploads\/2017\/05\/IMG_20160610_174149-768x576.jpg 768w, https:\/\/streetchallenge.eu\/wp-content\/uploads\/2017\/05\/IMG_20160610_174149-400x300.jpg 400w\" sizes=\"auto, (max-width: 878px) 100vw, 878px\" \/><\/p>\n<p><img loading=\"lazy\" decoding=\"async\" class=\"alignnone size-full wp-image-1080\" src=\"http:\/\/streetchallenge.eu\/wp-content\/uploads\/2015\/03\/ESDCshorts_Page_40.jpg\" alt=\"\" width=\"1370\" height=\"771\" srcset=\"https:\/\/streetchallenge.eu\/wp-content\/uploads\/2015\/03\/ESDCshorts_Page_40.jpg 1370w, https:\/\/streetchallenge.eu\/wp-content\/uploads\/2015\/03\/ESDCshorts_Page_40-300x169.jpg 300w, https:\/\/streetchallenge.eu\/wp-content\/uploads\/2015\/03\/ESDCshorts_Page_40-768x432.jpg 768w, https:\/\/streetchallenge.eu\/wp-content\/uploads\/2015\/03\/ESDCshorts_Page_40-1024x576.jpg 1024w, https:\/\/streetchallenge.eu\/wp-content\/uploads\/2015\/03\/ESDCshorts_Page_40-500x281.jpg 500w\" sizes=\"auto, (max-width: 1370px) 100vw, 1370px\" \/><\/p>\n<p><strong>ESDC WINNERS 2015<\/strong><br \/>\n<strong>Digital and community in the new urban village, Bagnolet<\/strong><\/p>\n<p>Within the framework of the Futur en Seine festival, the ESDC celebrated its fifth anniversary in Seine-Saint-Denis. In 2015, the ESDC ran from the 10th to 14th June under the heading \u201cDigital and community in the new urban village\u201d. We focused efforts on the commune of Bagnolet, in the eastern suburbs of Paris (5.2 km from the centre) and bordering the 20th arrondissement. Bagnolet has a rich industrial past, and a strong drive for sustainable future urban and cultural development. Particular attention was given to the \u201cquartiers\u201d of La Noue and Les Malassis, both areas with diverse multi-cultural communities, a desire for \u201cgreen\u201d park integration and community redevelopment ambitions.<\/p>\n<p>The first prize, the Troph\u00e9e du Conseil G\u00e9n\u00e9ral de Seine-Seine-Denis was awarded to the\u00a0Design Schools of Rome, Italy for their design proposal\u00a0\u201cBagnolet \u2013 Un jardin en devenir\u201d.<br \/>\n<a href=\"http:\/\/streetchallenge.eu\/?page_id=973\">Read more&#8230;<\/a><\/p>\n<p><img loading=\"lazy\" decoding=\"async\" class=\"alignnone wp-image-1152 size-full\" src=\"http:\/\/streetchallenge.eu\/wp-content\/uploads\/2014\/04\/winnersESDC2015.jpg\" alt=\"\" width=\"1024\" height=\"681\" srcset=\"https:\/\/streetchallenge.eu\/wp-content\/uploads\/2014\/04\/winnersESDC2015.jpg 1024w, https:\/\/streetchallenge.eu\/wp-content\/uploads\/2014\/04\/winnersESDC2015-300x200.jpg 300w, https:\/\/streetchallenge.eu\/wp-content\/uploads\/2014\/04\/winnersESDC2015-768x511.jpg 768w, https:\/\/streetchallenge.eu\/wp-content\/uploads\/2014\/04\/winnersESDC2015-451x300.jpg 451w\" sizes=\"auto, (max-width: 1024px) 100vw, 1024px\" \/><\/p>\n<p><img loading=\"lazy\" decoding=\"async\" class=\"alignnone size-full wp-image-1153\" src=\"http:\/\/streetchallenge.eu\/wp-content\/uploads\/2014\/04\/1st-prize.jpg\" alt=\"\" width=\"1024\" height=\"600\" srcset=\"https:\/\/streetchallenge.eu\/wp-content\/uploads\/2014\/04\/1st-prize.jpg 1024w, https:\/\/streetchallenge.eu\/wp-content\/uploads\/2014\/04\/1st-prize-300x176.jpg 300w, https:\/\/streetchallenge.eu\/wp-content\/uploads\/2014\/04\/1st-prize-768x450.jpg 768w, https:\/\/streetchallenge.eu\/wp-content\/uploads\/2014\/04\/1st-prize-500x293.jpg 500w\" sizes=\"auto, (max-width: 1024px) 100vw, 1024px\" \/><\/p>\n<p><strong>ESDC WINNERS 2014<\/strong><br \/>\n<strong>Designing community cohesion, inclusion, creativity and quality of life in Bondy<\/strong><\/p>\n<p>This summer, the European Street Design Challenge focused on Bondy, with its rich diversity of cultural, environmental, demographic and architectural perspectives. Bondy is a commune in a state of dynamic development. The provision of adequate and attractive housing for a rapidly expanding and diverse community is a priority, in addition to cultural and social initiatives, aimed at promoting civic cohesion and wellbeing. Despite intensive and committed efforts by local government, Bondy remains a \u201cZone Humaine Sensible\u201d (a sensitive, delicate and complex human area) due to such factors as its geographic position, history, diverse demography, and relative poverty. Questions such as community identity, empowerment, civic engagement and sense of belonging are complex and challenging<\/p>\n<p>The challenge in Bondy was to create new and innovative connections across this diversity, in order to improve community cohesion and inclusion, creativity and quality of life.<\/p>\n<p>The design proposals presented by the international teams after several days of intensive work were innovative and diverse, reflecting the complex nature of the challenge. \u00a0Against evaluation criteria such as innovative, scalable, authentic, socially cohesive, feasible and sustainable, the international panel of judges awarded the 1st prize, the Troph\u00e9e du Conseil G\u00e9n\u00e9ral de Seine-Seine-Denis to the team from the National Design Instiute of India with &#8220;BonBondy&#8221;. <a title=\"ESDC 2014\" href=\"http:\/\/streetchallenge.eu\/?page_id=2\">Read more &#8230;<\/a><\/p>\n<p><iframe loading=\"lazy\" src=\"https:\/\/www.flickr.com\/photos\/futur-en-seine\/14465509525\/in\/photostream\/player\/\" width=\"640\" height=\"427\" frameborder=\"0\" allowfullscreen=\"allowfullscreen\" data-mce-fragment=\"1\"><\/iframe><\/p>\n<p><a href=\"http:\/\/streetchallenge.eu\/wp-content\/uploads\/2012\/02\/India1.jpg\"><img loading=\"lazy\" decoding=\"async\" class=\"alignnone size-full wp-image-677\" src=\"http:\/\/streetchallenge.eu\/wp-content\/uploads\/2012\/02\/India1.jpg\" alt=\"India1\" width=\"1020\" height=\"768\" srcset=\"https:\/\/streetchallenge.eu\/wp-content\/uploads\/2012\/02\/India1.jpg 1020w, https:\/\/streetchallenge.eu\/wp-content\/uploads\/2012\/02\/India1-300x225.jpg 300w, https:\/\/streetchallenge.eu\/wp-content\/uploads\/2012\/02\/India1-398x300.jpg 398w\" sizes=\"auto, (max-width: 1020px) 100vw, 1020px\" \/><\/a><strong>\u00a0<\/strong><\/p>\n<p><strong>ESDC WINNERS 2013<\/strong><br \/>\n<strong>Envisioning the Future, Designing the Expo<\/strong><\/p>\n<p>In the 2013 ESDC, we focused on the idea of an Expo for the Paris Region, which would both present wider visions of an urban future, whilst providing a practical legacy of sustainable urban regeneration for the local area. Participants were invited to create an international Expo concept for the area, then design a pavilion, installation, an application or space which would inspire, excite and transform on an economic, social or cultural level. Given the large number of international teams, we needed an area which could be viewed immediately before or during the event. The participants in the past have stressed the importance of the \u201cphysical\u201d contact with the area, walking around, even talking to the local residents. Given the time available, we had to stay relatively close to the 104. \u00a0For that reason we decided to target the area, which we know well, focusing on the west side of La Plaine and over towards the Ourcq and Pantin. We then offered different perspectives for improving quality of life in this target area \u2013 from the regeneration of the former dense industrial space to the \u201copening\u201d up of the Ourcq and its banks \u2013 for living, recreation, community building and better access\u2026The resulting design solutions \u2013 applications, installations, spaces \u2013 could then \u201cexhibit\u201d innovative different perspectives for revitalising the area.<\/p>\n<p>The 1st prize, the Troph\u00e9e du Conseil G\u00e9n\u00e9ral de Seine-Seine-Denis was awarded to the L&#8217;Amour d&#8217;Orange team of designers from Utrecht. <a title=\"ESDC 2013\" href=\"http:\/\/streetchallenge.eu\/?page_id=611\">Read more&#8230;<\/a><\/p>\n<p><a href=\"http:\/\/streetchallenge.eu\/wp-content\/uploads\/2014\/04\/ESDC2013.jpg\"><img loading=\"lazy\" decoding=\"async\" class=\"alignnone size-full wp-image-691\" src=\"http:\/\/streetchallenge.eu\/wp-content\/uploads\/2014\/04\/ESDC2013.jpg\" alt=\"ESDC2013\" width=\"863\" height=\"1024\" srcset=\"https:\/\/streetchallenge.eu\/wp-content\/uploads\/2014\/04\/ESDC2013.jpg 863w, https:\/\/streetchallenge.eu\/wp-content\/uploads\/2014\/04\/ESDC2013-252x300.jpg 252w\" sizes=\"auto, (max-width: 863px) 100vw, 863px\" \/><\/a><a href=\"http:\/\/streetchallenge.eu\/wp-content\/uploads\/2014\/04\/Midas.jpg\"><img loading=\"lazy\" decoding=\"async\" class=\"alignnone wp-image-692 size-full\" src=\"http:\/\/streetchallenge.eu\/wp-content\/uploads\/2014\/04\/Midas.jpg\" alt=\"Midas\" width=\"651\" height=\"323\" srcset=\"https:\/\/streetchallenge.eu\/wp-content\/uploads\/2014\/04\/Midas.jpg 651w, https:\/\/streetchallenge.eu\/wp-content\/uploads\/2014\/04\/Midas-300x148.jpg 300w, https:\/\/streetchallenge.eu\/wp-content\/uploads\/2014\/04\/Midas-500x248.jpg 500w\" sizes=\"auto, (max-width: 651px) 100vw, 651px\" \/><\/a><\/p>\n<p><strong>Saint Petersburg is Challenged&#8230;.May, 2013<\/strong><\/p>\n<p>The ESDC ran a \u201cMini-Challenge\u201d workshop at the Make It Center in Saint Petersburg in May 2013.<\/p>\n<p>Two teams of young design and architecture professionals and students were set the task of redesigning the area around the Make It Center, an old, disused printing factory complex which lies on the Karpovka river and is surrounded by several universities, a botanical garden and historically rich residential areas with a mixed social demography.<\/p>\n<p>The design prototypes present a strong reflection of the different approaches and concepts developed by the two groups:<\/p>\n<p>Urban Peppers: An \u201call-embracing\u201d, very contextual approach at a meta-level, encompassing the whole factory complex, its ecological setting, and its relationship to the surrounding area. The concept integrated interaction with the surrounding area and its inhabitants, a very open and accessible approach, with strong use of digital media for communication. A strongly aesthetic and \u201cgreen\u201d design of the landscape also included pointers towards the historic heritage of the sight.<\/p>\n<p>Design Garden: A more micro-oriented approach, with a focus on one building which integrates recreation for the whole family with opportunities for creative collaboration under one roof.<\/p>\n<p><a href=\"http:\/\/streetchallenge.eu\/wp-content\/uploads\/2013\/05\/PSb1.jpg\"><img loading=\"lazy\" decoding=\"async\" class=\"alignnone size-full wp-image-461\" src=\"http:\/\/streetchallenge.eu\/wp-content\/uploads\/2013\/05\/PSb1.jpg\" alt=\"PSb1\" width=\"1024\" height=\"768\" srcset=\"https:\/\/streetchallenge.eu\/wp-content\/uploads\/2013\/05\/PSb1.jpg 1024w, https:\/\/streetchallenge.eu\/wp-content\/uploads\/2013\/05\/PSb1-300x225.jpg 300w, https:\/\/streetchallenge.eu\/wp-content\/uploads\/2013\/05\/PSb1-400x300.jpg 400w\" sizes=\"auto, (max-width: 1024px) 100vw, 1024px\" \/><\/a><\/p>\n<p><strong>ESDC WINNERS 2012<\/strong><br \/>\n<strong>Connecting the diverse urban community around the planned new Condorcet Campus<\/strong><\/p>\n<p>In 2016, the Campus de Condorcet, the largest university centre for the Humanities in Europe, will open its doors for students and researchers in Saint-Denis La Plaine. The aim of the 2012 European Design Challenge was to connect the highly diverse urban community around the planned new Condorcet Campus on a digital and physical level in order to promote \u201ccivicism\u201d, citizen participation, civic and cultural awareness, shared responsibility, entrepreneurship and sustainability.<\/p>\n<p>Specific issues for the Challenge in this area included:<\/p>\n<ul>\n<li>Integration of local creative industries into the community as an inspirational, regenerative and unifying factor<\/li>\n<li>Citizen participation in community and creative development \u2013 \u201ccivicism\u201d, shared identity, responsibility, ownership and entrepreneurship<\/li>\n<li>Cross-cultural information and creativity exchange on the basis of a shared and open physical and virtual platform<\/li>\n<li>Optimum integration of innovative transport resources<\/li>\n<\/ul>\n<p>The 1st prize, the Troph\u00e9e du Conseil G\u00e9n\u00e9ral de Seine-Seine-Denis was awarded to the team from Ecole Boulle Paris with &#8220;Les Sentiers de la Plaine&#8221;. <a title=\"ESDC 2012\" href=\"http:\/\/streetchallenge.eu\/?page_id=411\">Read more&#8230;<\/a><\/p>\n<p><strong><a href=\"http:\/\/streetchallenge.eu\/wp-content\/uploads\/2014\/04\/ESDC2012.jpg\"><img loading=\"lazy\" decoding=\"async\" class=\"alignnone size-full wp-image-694\" src=\"http:\/\/streetchallenge.eu\/wp-content\/uploads\/2014\/04\/ESDC2012.jpg\" alt=\"ESDC2012\" width=\"952\" height=\"1024\" srcset=\"https:\/\/streetchallenge.eu\/wp-content\/uploads\/2014\/04\/ESDC2012.jpg 952w, https:\/\/streetchallenge.eu\/wp-content\/uploads\/2014\/04\/ESDC2012-278x300.jpg 278w\" sizes=\"auto, (max-width: 952px) 100vw, 952px\" \/><\/a><\/strong><\/p>\n<p><strong>ESDC WINNERS 2011<\/strong><br \/>\n<strong>Designing a &#8220;bridge&#8221; between the banlieue and the city centre<\/strong><\/p>\n<p>In Paris, as in other major cities, urban designers, architects, politicians, creatives and citizens increasingly face the challenge of finding solutions that create a sense of \u2018connectedness\u2019 and shared identity between the expanding new suburbs and the old, historic city centre. For Futur en Seine, a \u201cborder\u201d area linking the city of Paris and the Seine-Saint-Denis \u201cbanlieue\u201d was predefined as the target area for redevelopment by young, international designer teams. The challenge was indeed ambitious \u2013 to design a \u201cgateway\u201d or \u201cbridge\u201d from the suburbs to the city centre and vice versa, which is natural, aesthetically balanced and inclusive.<\/p>\n<p>The area that was chosen to be \u2018redesigned\u2019 was in the commune of Pantin in the Seine-Saint-Denis (93) department. One of the most densely populated municipalities in Europe, bordering on the inner ring road (p\u00e9riph\u00e9rique) on the northeastern side of Paris, Pantin has shared the same fate as many of its neighbouring communities, as its identity and social infrastructure have been eroded over the years. This presents an additional challenge\u00a0: to reinforce not only common identity between the city and the suburbs but also within the suburbs themselves. The Ourcq with its origins in the city\u2019s Villette basin before it passes through eleven communes in the suburbs of Seine-Saint-Denis, represents an excellent \u201corganic\u201d link, on which to build this common identity.<\/p>\n<p>The 1st prize, the Troph\u00e9e du Conseil G\u00e9n\u00e9ral de Seine-Seine-Denis was awarded to the team from Strate School of Design \/ Les Gobelins with &#8220;Rainbows&#8221;. <a title=\"ESDC 2011\" href=\"http:\/\/streetchallenge.eu\/?page_id=77\">Read more&#8230;<\/a><\/p>\n<p><a href=\"http:\/\/streetchallenge.eu\/wp-content\/uploads\/2014\/04\/ESDC2011.jpg\"><img loading=\"lazy\" decoding=\"async\" class=\"alignnone size-full wp-image-695\" src=\"http:\/\/streetchallenge.eu\/wp-content\/uploads\/2014\/04\/ESDC2011.jpg\" alt=\"ESDC2011\" width=\"843\" height=\"1024\" srcset=\"https:\/\/streetchallenge.eu\/wp-content\/uploads\/2014\/04\/ESDC2011.jpg 843w, https:\/\/streetchallenge.eu\/wp-content\/uploads\/2014\/04\/ESDC2011-246x300.jpg 246w\" sizes=\"auto, (max-width: 843px) 100vw, 843px\" \/><\/a><a href=\"http:\/\/streetchallenge.eu\/wp-content\/uploads\/2014\/04\/Winners2011.jpg\"><img loading=\"lazy\" decoding=\"async\" class=\"alignnone size-full wp-image-696\" src=\"http:\/\/streetchallenge.eu\/wp-content\/uploads\/2014\/04\/Winners2011.jpg\" alt=\"Winners2011\" width=\"1024\" height=\"321\" srcset=\"https:\/\/streetchallenge.eu\/wp-content\/uploads\/2014\/04\/Winners2011.jpg 1024w, https:\/\/streetchallenge.eu\/wp-content\/uploads\/2014\/04\/Winners2011-300x94.jpg 300w, https:\/\/streetchallenge.eu\/wp-content\/uploads\/2014\/04\/Winners2011-500x156.jpg 500w\" sizes=\"auto, (max-width: 1024px) 100vw, 1024px\" \/><\/a><\/p>\n<p><strong>ESDC WINNERS 2010<\/strong><br \/>\n<strong>\u201dA European digital design \u2013 myth or reality?\u201d<\/strong><br \/>\nThe Scalability of Cultural Production in Europe \u2013 Designing innovative digital solutions across societies and cultures<\/p>\n<p>The European Street Design Challenge \u201ckicked off\u201d its international activities with an inter-festival collaborative event at PICNIC 2010 in Amsterdam, bringing together young French and Dutch designers for an ambitious urban design challenge. This exercise focused on the future, but was based very much on realities faced by the Amsterdam and Paris \/ Ile de France municipalities: to redesign and regenerate \u201cchallenging\u201d areas of the city. In the case of Amsterdam, the \u201ccore\u201d streets of the historic Red Light District, an area of strong identity, heritage, and charm, but also urban tension and notoriety, were selected for the challenge.<\/p>\n<p>Six teams of design students and young professionals from Paris \/ Ile de France\u00a0and the Netherlands were set the task of designing and prototyping a \u201cstreet of the future\u201d solution (e.g. interactive street furniture, smart communications or entertainment spaces, surfaces, or devices) over a period of three days in this historic urban melting-pot in Amsterdam. The team to produce the \u2018winning\u201d solution of excellence would receive the European Street Design Award.<\/p>\n<p>The 1st prize was awarded to the team from Strate School of Design with &#8216;Behind the windows&#8217;. <a title=\"ESDC 2010\" href=\"http:\/\/streetchallenge.eu\/?page_id=49\">Read more&#8230;<\/a><a href=\"http:\/\/streetchallenge.eu\/wp-content\/uploads\/2014\/04\/ESDC2010.jpg\"><img loading=\"lazy\" decoding=\"async\" class=\"alignnone size-full wp-image-697\" src=\"http:\/\/streetchallenge.eu\/wp-content\/uploads\/2014\/04\/ESDC2010.jpg\" alt=\"ESDC2010\" width=\"768\" height=\"910\" srcset=\"https:\/\/streetchallenge.eu\/wp-content\/uploads\/2014\/04\/ESDC2010.jpg 768w, https:\/\/streetchallenge.eu\/wp-content\/uploads\/2014\/04\/ESDC2010-253x300.jpg 253w\" sizes=\"auto, (max-width: 768px) 100vw, 768px\" \/><\/a><\/p>\n<p>&nbsp;<\/p>\n<p>&nbsp;<\/p>\n<p>&nbsp;<\/p>\n","protected":false},"excerpt":{"rendered":"<p>In the European Street Design Challenge, international teams of top young designers, in close cooperation with local residents and policy makers, compete to create innovative, \u201csmart\u201d urban community solutions and applications through the use of open and collaborative methodologies, together &hellip; <a href=\"https:\/\/streetchallenge.eu\/\">Continue reading <span class=\"meta-nav\">&rarr;<\/span><\/a><\/p>\n","protected":false},"author":1,"featured_media":0,"parent":0,"menu_order":0,"comment_status":"closed","ping_status":"closed","template":"","meta":{"footnotes":""},"class_list":["post-1304","page","type-page","status-publish","hentry"],"_links":{"self":[{"href":"https:\/\/streetchallenge.eu\/index.php?rest_route=\/wp\/v2\/pages\/1304","targetHints":{"allow":["GET"]}}],"collection":[{"href":"https:\/\/streetchallenge.eu\/index.php?rest_route=\/wp\/v2\/pages"}],"about":[{"href":"https:\/\/streetchallenge.eu\/index.php?rest_route=\/wp\/v2\/types\/page"}],"author":[{"embeddable":true,"href":"https:\/\/streetchallenge.eu\/index.php?rest_route=\/wp\/v2\/users\/1"}],"replies":[{"embeddable":true,"href":"https:\/\/streetchallenge.eu\/index.php?rest_route=%2Fwp%2Fv2%2Fcomments&post=1304"}],"version-history":[{"count":4,"href":"https:\/\/streetchallenge.eu\/index.php?rest_route=\/wp\/v2\/pages\/1304\/revisions"}],"predecessor-version":[{"id":1309,"href":"https:\/\/streetchallenge.eu\/index.php?rest_route=\/wp\/v2\/pages\/1304\/revisions\/1309"}],"wp:attachment":[{"href":"https:\/\/streetchallenge.eu\/index.php?rest_route=%2Fwp%2Fv2%2Fmedia&parent=1304"}],"curies":[{"name":"wp","href":"https:\/\/api.w.org\/{rel}","templated":true}]}}